{"id":7,"date":"2022-09-27T19:16:41","date_gmt":"2022-09-27T19:16:41","guid":{"rendered":"https:\/\/www.quemquerviverdearte.com\/site\/home\/"},"modified":"2023-07-26T14:26:15","modified_gmt":"2023-07-26T14:26:15","slug":"home","status":"publish","type":"page","link":"https:\/\/www.quemquerviverdearte.com\/site\/","title":{"rendered":"Home"},"content":{"rendered":"<div class=\"boldgrid-section\">\n<div class=\"container\">\n<div class=\"row\" style=\"padding-bottom: 5px; padding-top: 20px;\">\n<div class=\"col-md-12 col-xs-12 col-sm-12 col-lg-12\" style=\"padding: 0px 5px;\">\n<p class=\"\" style=\"margin-bottom: 5px;\">&nbsp;<\/p>\n<\/div>\n<\/div>\n<div class=\"row\">\n<div class=\"col-md-3 col-sm-3 col-xs-6 col-lg-3\" style=\"padding: 0px 5px;\">\n<p class=\"\" style=\"margin-bottom: 5px;\"><img loading=\"lazy\" decoding=\"async\" class=\"bg-img alignnone wp-image-108 size-medium\" src=\"https:\/\/www.quemquerviverdearte.com\/site\/wp-content\/uploads\/2022\/09\/EKEKO-300X300-300x300.png\" alt=\"\" width=\"300\" height=\"300\" data-imhwpb-asset-id=\"51792\" srcset=\"https:\/\/www.quemquerviverdearte.com\/site\/wp-content\/uploads\/2022\/09\/EKEKO-300X300.png 300w, https:\/\/www.quemquerviverdearte.com\/site\/wp-content\/uploads\/2022\/09\/EKEKO-300X300-150x150.png 150w, https:\/\/www.quemquerviverdearte.com\/site\/wp-content\/uploads\/2022\/09\/EKEKO-300X300-48x48.png 48w, https:\/\/www.quemquerviverdearte.com\/site\/wp-content\/uploads\/2022\/09\/EKEKO-300X300-250x250.png 250w, https:\/\/www.quemquerviverdearte.com\/site\/wp-content\/uploads\/2022\/09\/EKEKO-300X300-180x180.png 180w\" sizes=\"auto, (max-width: 300px) 100vw, 300px\" \/><\/p>\n<\/div>\n<div class=\"col-md-3 col-sm-3 col-xs-6 col-lg-3\" style=\"padding: 0px 5px;\">\n<p class=\"\" style=\"margin-bottom: 5px;\"><img loading=\"lazy\" decoding=\"async\" class=\"bg-img alignnone wp-image-109 size-medium\" src=\"https:\/\/www.quemquerviverdearte.com\/site\/wp-content\/uploads\/2022\/09\/TARJETA-TRAYECTORIA-300X300-300x300.png\" alt=\"\" width=\"300\" height=\"300\" data-imhwpb-asset-id=\"51794\" srcset=\"https:\/\/www.quemquerviverdearte.com\/site\/wp-content\/uploads\/2022\/09\/TARJETA-TRAYECTORIA-300X300.png 300w, https:\/\/www.quemquerviverdearte.com\/site\/wp-content\/uploads\/2022\/09\/TARJETA-TRAYECTORIA-300X300-150x150.png 150w, https:\/\/www.quemquerviverdearte.com\/site\/wp-content\/uploads\/2022\/09\/TARJETA-TRAYECTORIA-300X300-48x48.png 48w, https:\/\/www.quemquerviverdearte.com\/site\/wp-content\/uploads\/2022\/09\/TARJETA-TRAYECTORIA-300X300-250x250.png 250w, https:\/\/www.quemquerviverdearte.com\/site\/wp-content\/uploads\/2022\/09\/TARJETA-TRAYECTORIA-300X300-180x180.png 180w\" sizes=\"auto, (max-width: 300px) 100vw, 300px\" \/><\/p>\n<\/div>\n<div class=\"col-md-3 col-sm-3 col-xs-6 col-lg-3\" style=\"padding: 0px 5px;\">\n<p class=\"\" style=\"margin-bottom: 5px;\"><img loading=\"lazy\" decoding=\"async\" class=\"bg-img alignnone wp-image-111 size-medium\" src=\"https:\/\/www.quemquerviverdearte.com\/site\/wp-content\/uploads\/2022\/09\/TARJETA-DERECHO-SUERTE-300X300-300x300.png\" alt=\"\" width=\"300\" height=\"300\" data-imhwpb-asset-id=\"51795\" srcset=\"https:\/\/www.quemquerviverdearte.com\/site\/wp-content\/uploads\/2022\/09\/TARJETA-DERECHO-SUERTE-300X300.png 300w, https:\/\/www.quemquerviverdearte.com\/site\/wp-content\/uploads\/2022\/09\/TARJETA-DERECHO-SUERTE-300X300-150x150.png 150w, https:\/\/www.quemquerviverdearte.com\/site\/wp-content\/uploads\/2022\/09\/TARJETA-DERECHO-SUERTE-300X300-48x48.png 48w, https:\/\/www.quemquerviverdearte.com\/site\/wp-content\/uploads\/2022\/09\/TARJETA-DERECHO-SUERTE-300X300-250x250.png 250w, https:\/\/www.quemquerviverdearte.com\/site\/wp-content\/uploads\/2022\/09\/TARJETA-DERECHO-SUERTE-300X300-180x180.png 180w\" sizes=\"auto, (max-width: 300px) 100vw, 300px\" \/><\/p>\n<\/div>\n<div class=\"col-md-3 col-sm-3 col-xs-6 col-lg-3\" style=\"padding: 0px 5px;\">\n<p class=\"\" style=\"margin-bottom: 5px;\"><img loading=\"lazy\" decoding=\"async\" class=\"bg-img alignnone wp-image-112 size-medium\" src=\"https:\/\/www.quemquerviverdearte.com\/site\/wp-content\/uploads\/2022\/09\/TARJETA-ROLES-300X300-300x300.png\" alt=\"\" width=\"300\" height=\"300\" data-imhwpb-asset-id=\"51796\" srcset=\"https:\/\/www.quemquerviverdearte.com\/site\/wp-content\/uploads\/2022\/09\/TARJETA-ROLES-300X300.png 300w, https:\/\/www.quemquerviverdearte.com\/site\/wp-content\/uploads\/2022\/09\/TARJETA-ROLES-300X300-150x150.png 150w, https:\/\/www.quemquerviverdearte.com\/site\/wp-content\/uploads\/2022\/09\/TARJETA-ROLES-300X300-48x48.png 48w, https:\/\/www.quemquerviverdearte.com\/site\/wp-content\/uploads\/2022\/09\/TARJETA-ROLES-300X300-250x250.png 250w, https:\/\/www.quemquerviverdearte.com\/site\/wp-content\/uploads\/2022\/09\/TARJETA-ROLES-300X300-180x180.png 180w\" sizes=\"auto, (max-width: 300px) 100vw, 300px\" \/><\/p>\n<\/div>\n<\/div>\n<\/div>\n<\/div>\n<div class=\"boldgrid-section\">\n<div class=\"container\">\n<div class=\"row\" style=\"padding-top: 70px; padding-bottom: 10px;\">\n<div class=\"col-md-12 col-xs-12 col-sm-12 col-lg-12\">\n<div class=\"row bg-editor-hr-wrap\">\n<div class=\"col-md-12 col-xs-12 col-sm-12 col-lg-12\">\n<div>\n<div class=\"bg-hr bg-hr-1 color1-color\"><\/div>\n<\/div>\n<\/div>\n<\/div>\n<\/div>\n<\/div>\n<\/div>\n<\/div>\n<div class=\"boldgrid-section\">\n<div class=\"container\">\n<div class=\"row\">\n<div class=\"col-xs-12 col-md-6 col-sm-12 align-column-center col-lg-6\">\n<p class=\"mod-reset\"><img loading=\"lazy\" decoding=\"async\" class=\"alignnone size-full wp-image-113 aligncenter\" src=\"https:\/\/www.quemquerviverdearte.com\/site\/wp-content\/uploads\/2022\/09\/TODOS-LOS-ELEMENTOS-300X300.png\" alt=\"\" width=\"500\" height=\"275\" srcset=\"https:\/\/www.quemquerviverdearte.com\/site\/wp-content\/uploads\/2022\/09\/TODOS-LOS-ELEMENTOS-300X300.png 500w, https:\/\/www.quemquerviverdearte.com\/site\/wp-content\/uploads\/2022\/09\/TODOS-LOS-ELEMENTOS-300X300-300x165.png 300w, https:\/\/www.quemquerviverdearte.com\/site\/wp-content\/uploads\/2022\/09\/TODOS-LOS-ELEMENTOS-300X300-250x138.png 250w, https:\/\/www.quemquerviverdearte.com\/site\/wp-content\/uploads\/2022\/09\/TODOS-LOS-ELEMENTOS-300X300-327x180.png 327w\" sizes=\"auto, (max-width: 500px) 100vw, 500px\" \/><\/p>\n<\/div>\n<div class=\"col-xs-12 col-md-6 col-sm-12 col-lg-6\">\n<h2 class=\"\">Sobre o jogo.<\/h2>\n<p class=\"\"><strong>Quem quer viver de Arte?<\/strong> \u00e9 um jogo de tabuleiro onde voc\u00ea entra no papel de artista, curador, galerista e outros pap\u00e9is de trabalho na arte, de uma forma divertida para conhecer e usar o sistema de arte, seus agentes e organiza\u00e7\u00f5es a seu favor; construindo seu perfil, acumulando trajet\u00f3ria e recebendo dinheiro por sua participa\u00e7\u00e3o em eventos.<\/p>\n<p class=\"\" style=\"margin-top: 30px;\"><a class=\"button-secondary btn btn-color-2 btn-border-color-1 btn btn-color-2 btn-border-color-1\" href=\"https:\/\/www.quemquerviverdearte.com\/site\/como-jogar\/\">Como jogar? <\/a><\/p>\n<p class=\"\" style=\"margin-top: 30px;\"><a class=\"button-secondary btn btn-color-2 btn-border-color-1 btn btn-color-2 btn-border-color-1\" href=\"https:\/\/www.quemquerviverdearte.com\/site\/onde-conseguir\/\">Onde compro o jogo?<\/a><\/p>\n<\/div>\n<\/div>\n<div class=\"row\">\n<div class=\"col-lg-12 col-md-12 col-xs-12 col-sm-12\"><\/div>\n<\/div>\n<\/div>\n<\/div>\n<div class=\"boldgrid-section\">\n<div class=\"container\">\n<div class=\"row\" style=\"padding-top: 10px; padding-bottom: 10px;\">\n<div class=\"col-md-12 col-xs-12 col-sm-12 col-lg-12\">\n<div class=\"row bg-editor-hr-wrap\">\n<div class=\"col-md-12 col-xs-12 col-sm-12 col-lg-12\">\n<div>\n<div class=\"bg-hr bg-hr-1 color1-color\"><\/div>\n<\/div>\n<\/div>\n<\/div>\n<\/div>\n<\/div>\n<\/div>\n<\/div>\n<div class=\"boldgrid-section\">\n<div class=\"container\">\n<div class=\"row\" style=\"padding-bottom: 30px;\">\n<div class=\"col-md-12 col-xs-12 col-sm-12 col-lg-12\">\n<h2 class=\"\" style=\"text-align: center;\">Vamos jogar? Not\u00edcias sobre o jogo.<\/h2>\n<\/div>\n<\/div>\n<div class=\"row\" style=\"padding-bottom: 40px;\">\n<div class=\"col-md-4 col-xs-12 col-sm-6 col-lg-4\">\n<div class=\"row\">\n<div class=\"col-md-4 col-sm-12 col-xs-12 col-lg-4\"><\/div>\n<div class=\"col-md-8 col-xs-12 col-sm-12 col-lg-8\">\n<div class=\"bg-box color1-background-color color-1-text-contrast bg-background-color\">\n<h4 style=\"text-align: center;\">Estamos em pr\u00e9-venda!<\/h4>\n<\/div>\n<\/div>\n<\/div>\n<div class=\"row\">\n<div class=\"col-md-12 col-xs-12 col-sm-12 col-lg-12\" style=\"padding-left: 3em; padding-right: 0em;\">\n<div class=\"bg-box\" style=\"border-style: solid; border-width: 0px 5px 5px 0px; padding: 2em;\">\n<p>Entre os dias 1 e 31 de outubro de 2022 estamos no per\u00edodo de Pr\u00e9-venda de Jogos com pre\u00e7os especiais e entrega em domic\u00edlio para quem tiver coragem de ter o jogo!<\/p>\n<p style=\"text-align: right;\"><a href=\"https:\/\/www.quemquerviverdearte.com\/site\/onde-conseguir\/\">Voc\u00ea quer compr\u00e1-lo?<\/a><\/p>\n<\/div>\n<\/div>\n<\/div>\n<\/div>\n<div class=\"col-md-4 col-xs-12 col-sm-6 col-lg-4\">\n<div class=\"row\">\n<div class=\"col-md-4 col-sm-12 col-xs-12 col-lg-4\"><\/div>\n<div class=\"col-md-8 col-xs-12 col-sm-12 col-lg-8\">\n<div class=\"bg-box color1-background-color color-1-text-contrast bg-background-color\">\n<h4 style=\"text-align: center;\">Siga-nos nas Redes Sociais!<\/h4>\n<\/div>\n<\/div>\n<\/div>\n<div class=\"row\">\n<div class=\"col-md-12 col-xs-12 col-sm-12 col-lg-12\" style=\"padding-left: 3em; padding-right: 0em;\">\n<div class=\"bg-box\" style=\"border-style: solid; border-width: 0px 5px 5px 0px; padding: 2em;\">\n<p>Fique por dentro das informa\u00e7\u00f5es que estamos publicando nas Redes Sociais.<\/p>\n<p style=\"text-align: right;\">&gt; <a href=\"https:\/\/www.tiktok.com\/@vivirdearte\" target=\"_blank\" rel=\"noopener\">Tiktok<\/a><br \/>\n&gt; <a href=\"https:\/\/instagram.com\/trabajadoresdearte\" target=\"_blank\" rel=\"noopener\">Instagram<\/a><br \/>\n&gt; <a href=\"https:\/\/www.facebook.com\/trabajadores.dearte\" target=\"_blank\" rel=\"noopener\">Facebook<\/a><br \/>\n&gt; <a href=\"https:\/\/www.linkedin.com\/company\/trabajadores-de-arte-contempor%C3%A1neo\/\" target=\"_blank\" rel=\"noopener\">LinkedIn<\/a><\/p>\n<\/div>\n<\/div>\n<\/div>\n<\/div>\n<div class=\"col-md-4 col-xs-12 col-sm-12 col-lg-4\">\n<div class=\"row\">\n<div class=\"col-md-4 col-sm-12 col-xs-12 col-lg-4\"><\/div>\n<div class=\"col-md-8 col-xs-12 col-sm-12 col-lg-8\">\n<div class=\"bg-box color1-background-color color-1-text-contrast bg-background-color\">\n<h4 style=\"text-align: center;\">Voc\u00ea trabalha em uma organiza\u00e7\u00e3o educacional?<\/h4>\n<\/div>\n<\/div>\n<\/div>\n<div class=\"row\">\n<div class=\"col-md-12 col-xs-12 col-sm-12 col-lg-12\" style=\"padding-left: 3em; padding-right: 0em;\">\n<div class=\"bg-box\" style=\"border-style: solid; border-width: 0px 5px 5px 0px; padding: 2em;\">\n<p>Contate-nos e ganhe um desconto especial para a institui\u00e7\u00e3o, organiza\u00e7\u00e3o ou gest\u00e3o aut\u00f4noma em que participa.<\/p>\n<p style=\"text-align: right;\"><a href=\"https:\/\/www.quemquerviverdearte.com\/site\/onde-conseguir\/\">Mais informa\u00e7\u00e3o!<\/a><\/p>\n<\/div>\n<\/div>\n<\/div>\n<\/div>\n<\/div>\n<div class=\"row\" style=\"padding-bottom: 60px;\">\n<div class=\"col-md-12 col-xs-12 col-sm-12 col-lg-12\">\n<p class=\"\" style=\"text-align: right;\"><a class=\"button-secondary btn btn-color-2 btn-border-color-1 btn btn-color-2 btn-border-color-1\" href=\"https:\/\/www.quemquerviverdearte.com\/site\/como-jogar\/\">Como jogar?<\/a><\/p>\n<p class=\"\" style=\"text-align: right;\"><a class=\"button-secondary btn btn-color-2 btn-border-color-1 btn btn-color-2 btn-border-color-1\" href=\"https:\/\/www.quemquerviverdearte.com\/site\/onde-conseguir\/\">Onde compro o jogo?<\/a><\/p>\n<\/div>\n<\/div>\n<\/div>\n<\/div>\n","protected":false},"excerpt":{"rendered":"<p>&nbsp; Sobre o jogo. Quem quer viver de Arte? \u00e9 um jogo de tabuleiro onde voc\u00ea entra no papel de artista, curador, galerista e outros pap\u00e9is de trabalho na arte,<\/p>\n<div class=\"read-more\"><a class=\"btn button-secondary\" href=\"https:\/\/www.quemquerviverdearte.com\/site\/\">Read More<\/a><\/div>\n","protected":false},"author":1,"featured_media":0,"parent":0,"menu_order":0,"comment_status":"closed","ping_status":"closed","template":"","meta":{"bgseo_title":"","bgseo_description":"","bgseo_robots_index":"index","bgseo_robots_follow":"follow","crio-premium-page-header-override":null,"crio-premium-page-header-select":"none","crio-premium-page-header-featured-image-background":"0","crio-premium-page-header-background":"","footnotes":""},"class_list":["post-7","page","type-page","status-publish"],"aioseo_notices":[],"_links":{"self":[{"href":"https:\/\/www.quemquerviverdearte.com\/site\/wp-json\/wp\/v2\/pages\/7","targetHints":{"allow":["GET"]}}],"collection":[{"href":"https:\/\/www.quemquerviverdearte.com\/site\/wp-json\/wp\/v2\/pages"}],"about":[{"href":"https:\/\/www.quemquerviverdearte.com\/site\/wp-json\/wp\/v2\/types\/page"}],"author":[{"embeddable":true,"href":"https:\/\/www.quemquerviverdearte.com\/site\/wp-json\/wp\/v2\/users\/1"}],"replies":[{"embeddable":true,"href":"https:\/\/www.quemquerviverdearte.com\/site\/wp-json\/wp\/v2\/comments?post=7"}],"version-history":[{"count":10,"href":"https:\/\/www.quemquerviverdearte.com\/site\/wp-json\/wp\/v2\/pages\/7\/revisions"}],"predecessor-version":[{"id":166,"href":"https:\/\/www.quemquerviverdearte.com\/site\/wp-json\/wp\/v2\/pages\/7\/revisions\/166"}],"wp:attachment":[{"href":"https:\/\/www.quemquerviverdearte.com\/site\/wp-json\/wp\/v2\/media?parent=7"}],"curies":[{"name":"wp","href":"https:\/\/api.w.org\/{rel}","templated":true}]}}