{"id":11,"date":"2022-09-27T19:16:43","date_gmt":"2022-09-27T19:16:43","guid":{"rendered":"https:\/\/www.quemquerviverdearte.com\/site\/contact-us\/"},"modified":"2022-09-29T18:08:29","modified_gmt":"2022-09-29T18:08:29","slug":"como-jogar","status":"publish","type":"page","link":"https:\/\/www.quemquerviverdearte.com\/site\/como-jogar\/","title":{"rendered":"Como jogar"},"content":{"rendered":"<div class=\"boldgrid-section\">\n<div class=\"container\">\n<div class=\"row\">\n<div class=\"col-md-8 col-sm-8 col-xs-12 col-lg-7\">\n<h3 class=\"\">Do que se trata?<\/h3>\n<p class=\"\"><strong>Quem quer viver de Arte?<\/strong>&nbsp;\u00e9 um jogo de tabuleiro que permite que voc\u00ea conhe\u00e7a e use o sistema da arte, seus pap\u00e9is e organiza\u00e7\u00f5es a seu favor, acumulando experi\u00eancia, delineando seu trabalho e recebendo remunera\u00e7\u00e3o.<\/p>\n<p class=\"\">Circule pelo tabuleiro, participando de eventos e organiza\u00e7\u00f5es, receba remunera\u00e7\u00e3o pelo seu trabalho, contratando outros jogadores para tra\u00e7ar seu PAPEL, arrecadar mais anos de Carreira e chegar ao Or\u00e7amento para financiar suas jogadas.<\/p>\n<p class=\"\"><strong>Vamos jogar?.<\/strong><\/p>\n<p class=\"\">&nbsp;<\/p>\n<p class=\"\"><a class=\"button-primary btn btn-color-1 btn-border-color-1 btn btn-color-1 btn-border-color-1\" href=\"https:\/\/www.quemquerviverdearte.com\/site\/onde-conseguir\/\">Onde compro o Jogo?<\/a><\/p>\n<\/div>\n<div class=\"col-md-4 col-sm-4 col-xs-12 col-lg-5\">\n<p class=\"mod-reset\"><img loading=\"lazy\" decoding=\"async\" class=\"alignnone wp-image-116 size-full\" src=\"https:\/\/www.quemquerviverdearte.com\/site\/wp-content\/uploads\/2022\/09\/TODOS-LOS-ELEMENTOS-600X450.png\" alt=\"\" width=\"600\" height=\"450\" data-imhwpb-asset-id=\"780433\" srcset=\"https:\/\/www.quemquerviverdearte.com\/site\/wp-content\/uploads\/2022\/09\/TODOS-LOS-ELEMENTOS-600X450.png 600w, https:\/\/www.quemquerviverdearte.com\/site\/wp-content\/uploads\/2022\/09\/TODOS-LOS-ELEMENTOS-600X450-300x225.png 300w, https:\/\/www.quemquerviverdearte.com\/site\/wp-content\/uploads\/2022\/09\/TODOS-LOS-ELEMENTOS-600X450-250x188.png 250w, https:\/\/www.quemquerviverdearte.com\/site\/wp-content\/uploads\/2022\/09\/TODOS-LOS-ELEMENTOS-600X450-550x413.png 550w, https:\/\/www.quemquerviverdearte.com\/site\/wp-content\/uploads\/2022\/09\/TODOS-LOS-ELEMENTOS-600X450-240x180.png 240w, https:\/\/www.quemquerviverdearte.com\/site\/wp-content\/uploads\/2022\/09\/TODOS-LOS-ELEMENTOS-600X450-400x300.png 400w\" sizes=\"auto, (max-width: 600px) 100vw, 600px\" \/><\/p>\n<\/div>\n<\/div>\n<div class=\"row\">\n<div class=\"col-lg-12 col-md-12 col-xs-12 col-sm-12\"><\/div>\n<\/div>\n<div class=\"row\" style=\"border-width: 0px; background-image: linear-gradient(to left, #eeeeee, #eeeeee);\" data-bg-color-1=\"#EEEEEE\" data-bg-color-2=\"#EEEEEE\" data-bg-direction=\"to left\">\n<div class=\"col-lg-6 col-md-6 col-sm-12 col-xs-12\">\n<h4>Como jogar?<\/h4>\n<p class=\"\">Como na maioria dos jogos de tabuleiro, os dados s\u00e3o lan\u00e7ados primeiro para ver quem ganha o primeiro turno.<\/p>\n<p class=\"\">Ent\u00e3o voc\u00ea se move pelo tabuleiro de acordo com o resultado dos dados, decidindo se quer participar de uma organiza\u00e7\u00e3o ou evento.<\/p>\n<p class=\"\">Cada caixa tem uma Carta que explica quais op\u00e7\u00f5es voc\u00ea tem, as op\u00e7\u00f5es mais comuns s\u00e3o:<\/p>\n<ul class=\"\">\n<li>seja pago pelo seu trabalho.<\/li>\n<li>pagar o custo de qualquer servi\u00e7o.<\/li>\n<li>adicionar anos de experi\u00eancia.<\/li>\n<li>selecione uma \u00e1rea de especializa\u00e7\u00e3o.<\/li>\n<li>contratar outros jogadores.<\/li>\n<\/ul>\n<p class=\"\">Simples? Sim, mas as <strong>Cartas de Sorte e Dereito<\/strong> podem afetar sua estrat\u00e9gia e seu or\u00e7amento. (Voc\u00ea pode at\u00e9 cair em uma crise existencial, como na vida, n\u00e9?)<\/p>\n<\/div>\n<div class=\"col-lg-6 col-md-12 col-xs-12 col-sm-12\" style=\"border-width: 0px; background-image: linear-gradient(to left, #eeeeee, #eeeeee);\" data-bg-color-1=\"#EEEEEE\" data-bg-color-2=\"#EEEEEE\" data-bg-direction=\"to left\">\n<div style=\"border-width: 0px;\" class=\"\">\n<h4 class=\"\">Como \u00e9 composto?<\/h4>\n<p class=\"\">O jogo <strong>Quem quer viver de Arte?<\/strong> est\u00e1 composto por:<\/p>\n<ul class=\"\">\n<li>um <strong>Tabuleiro<\/strong>, com caixas de organiza\u00e7\u00e3o e eventos.<\/li>\n<li>as <strong>Role Cards<\/strong>, com as quais voc\u00ea pode escolher qual perfil voc\u00ea quer jogar.<\/li>\n<li>o <strong>Cart\u00e3o de Trajet\u00f3ria<\/strong>, para acompanhar sua pontua\u00e7\u00e3o.<\/li>\n<li>3 baralhos: <strong>Cartas de Tabuleiro<\/strong> (26), <strong>Cartas de Sorte<\/strong> (20) e <strong>Cartas de Direitos<\/strong> (20).<\/li>\n<li>o <strong>Manual do Jogo<\/strong>, que inclui informa\u00e7\u00f5es sobre as regras, jogadas e tudo o que voc\u00ea precisa para participar.<\/li>\n<li>O <strong>Dinheiro<\/strong>, com o qual voc\u00ea pode comprar, pagar, contratar e financiar sua participa\u00e7\u00e3o.<\/li>\n<\/ul>\n<p class=\"\">Tamb\u00e9m est\u00e3o inclu\u00eddos 2 dados, fichas para marcar o Cart\u00e3o de Carreira e 8 personagens para avan\u00e7ar no tabuleiro.<\/p>\n<p class=\"\"><strong>N\u00famero de participantes<\/strong>: 2 a 8 pessoas. Recomendado: 4 pessoas \/ <strong>Tempo estimado de jogo<\/strong>: entre 1 e 2 horas. <strong>Idade +8<\/strong>.<\/p>\n<\/div>\n<\/div>\n<\/div>\n<div class=\"row\">\n<div class=\"col-lg-12 col-md-12 col-xs-12 col-sm-12\"><\/div>\n<\/div>\n<div class=\"row\">\n<div class=\"col-lg-12 col-md-12 col-xs-12 col-sm-12\" style=\"text-align: center;\">\n<div class=\"boldgrid-section\">\n<div class=\"container\">\n<div class=\"row\">\n<div class=\"col-md-12 col-xs-12 col-sm-12 col-lg-12\"><\/div>\n<\/div>\n<div class=\"row\">\n<div class=\"col-lg-12 col-md-12 col-xs-12 col-sm-12\"><\/div>\n<\/div>\n<div class=\"row\">\n<div class=\"col-lg-12 col-md-12 col-xs-12 col-sm-12\"><\/div>\n<\/div>\n<\/div>\n<\/div>\n<div class=\"boldgrid-section\">\n<div class=\"container\">\n<div class=\"row\" style=\"border-width: 0px; margin-left: auto; margin-right: auto;\">\n<div class=\"col-md-3 col-sm-6 text-center col-xs-12 col-lg-4\">\n<div>\n<p class=\"mod-img\"><img loading=\"lazy\" decoding=\"async\" class=\"alignnone wp-image-117 size-full\" src=\"https:\/\/www.quemquerviverdearte.com\/site\/wp-content\/uploads\/2022\/09\/TABLERO-360X200.png\" alt=\"\" width=\"360\" height=\"200\" data-imhwpb-asset-id=\"780822\" srcset=\"https:\/\/www.quemquerviverdearte.com\/site\/wp-content\/uploads\/2022\/09\/TABLERO-360X200.png 360w, https:\/\/www.quemquerviverdearte.com\/site\/wp-content\/uploads\/2022\/09\/TABLERO-360X200-300x167.png 300w, https:\/\/www.quemquerviverdearte.com\/site\/wp-content\/uploads\/2022\/09\/TABLERO-360X200-250x139.png 250w, https:\/\/www.quemquerviverdearte.com\/site\/wp-content\/uploads\/2022\/09\/TABLERO-360X200-324x180.png 324w\" sizes=\"auto, (max-width: 360px) 100vw, 360px\" \/><\/p>\n<h3 style=\"text-align: left;\">O tabuleiro.<\/h3>\n<p style=\"text-align: left;\">No Tabuleiro de Jogo encontrar\u00e1 <strong>caixas de organiza\u00e7\u00f5es e eventos<\/strong> em que pode participar. Essas caixas s\u00e3o marcadas com a cor da \u00c1rea de Experi\u00eancia que elas concedem.<\/p>\n<p style=\"text-align: left;\">Al\u00e9m disso, existem as <strong>caixas de sorte e dereito<\/strong> que s\u00e3o jogados com um cart\u00e3o, a <strong>caixa Acelera\u00e7\u00e3o da Trajet\u00f3ria<\/strong> que faz voc\u00ea avan\u00e7ar muito mais r\u00e1pido e a <strong>caixa Crise Existencial<\/strong>, onde voc\u00ea pode visitar ou chegar para um cart\u00e3o.<\/p>\n<\/div>\n<\/div>\n<div class=\"col-md-3 col-sm-6 text-center col-xs-12 col-lg-4\">\n<div>\n<p class=\"mod-img\"><img loading=\"lazy\" decoding=\"async\" class=\"alignnone wp-image-119 size-full\" src=\"https:\/\/www.quemquerviverdearte.com\/site\/wp-content\/uploads\/2022\/09\/TARJETAS-ROLES-360X200-1.png\" alt=\"\" width=\"360\" height=\"200\" data-imhwpb-asset-id=\"780823\" srcset=\"https:\/\/www.quemquerviverdearte.com\/site\/wp-content\/uploads\/2022\/09\/TARJETAS-ROLES-360X200-1.png 360w, https:\/\/www.quemquerviverdearte.com\/site\/wp-content\/uploads\/2022\/09\/TARJETAS-ROLES-360X200-1-300x167.png 300w, https:\/\/www.quemquerviverdearte.com\/site\/wp-content\/uploads\/2022\/09\/TARJETAS-ROLES-360X200-1-250x139.png 250w, https:\/\/www.quemquerviverdearte.com\/site\/wp-content\/uploads\/2022\/09\/TARJETAS-ROLES-360X200-1-324x180.png 324w\" sizes=\"auto, (max-width: 360px) 100vw, 360px\" \/><\/p>\n<h3 style=\"text-align: left;\">Os pap\u00e9is.<\/h3>\n<p class=\"\" style=\"text-align: left;\">A fun\u00e7\u00e3o que voc\u00ea escolhe no in\u00edcio do jogo \u00e9 muito importante, depende de qual perfil voc\u00ea deve preencher nas \u00c1reas de Experi\u00eancia.<\/p>\n<p class=\"\" style=\"text-align: left;\">Os <strong>papeis dispon\u00edveis<\/strong> nesta vers\u00e3o s\u00e3o: Artista, Curador o Curadora, Gestor o Gestora, Pesquisador o Pesquisadora, Galerista e Educador o Educadora.<\/p>\n<\/div>\n<\/div>\n<div class=\"col-md-3 col-sm-6 text-center col-xs-12 col-lg-4\">\n<div>\n<p class=\"mod-img\"><img loading=\"lazy\" decoding=\"async\" class=\"alignnone wp-image-120 size-full\" src=\"https:\/\/www.quemquerviverdearte.com\/site\/wp-content\/uploads\/2022\/09\/TARJETA-TRAYECTORIA-360X200.png\" alt=\"\" width=\"360\" height=\"200\" data-imhwpb-asset-id=\"780824\" srcset=\"https:\/\/www.quemquerviverdearte.com\/site\/wp-content\/uploads\/2022\/09\/TARJETA-TRAYECTORIA-360X200.png 360w, https:\/\/www.quemquerviverdearte.com\/site\/wp-content\/uploads\/2022\/09\/TARJETA-TRAYECTORIA-360X200-300x167.png 300w, https:\/\/www.quemquerviverdearte.com\/site\/wp-content\/uploads\/2022\/09\/TARJETA-TRAYECTORIA-360X200-250x139.png 250w, https:\/\/www.quemquerviverdearte.com\/site\/wp-content\/uploads\/2022\/09\/TARJETA-TRAYECTORIA-360X200-324x180.png 324w\" sizes=\"auto, (max-width: 360px) 100vw, 360px\" \/><\/p>\n<h3 style=\"text-align: left;\">O Cart\u00e3o da Trajet\u00f3ria.<\/h3>\n<p class=\"\" style=\"text-align: left;\">No Cart\u00e3o de Trajet\u00f3ria anotar\u00e1s os teus avan\u00e7os no perfil da tu papel, utilizando as <strong>\u00c1reas de Experi\u00eancia<\/strong>, anotar\u00e1s os <strong>anos de Trajet\u00f3ria <\/strong>que acumulas em cada volta e tamb\u00e9m se pertences a uma Associa\u00e7\u00e3o ou Sindicato de Arte, entre outras coisas.<\/p>\n<\/div>\n<\/div>\n<\/div>\n<div class=\"row\">\n<div class=\"col-lg-12 col-md-12 col-xs-12 col-sm-12\">\n<div>\n<div class=\"boldgrid-section\">\n<div class=\"container\">\n<div class=\"row\">\n<div class=\"col-md-12 col-xs-12 col-sm-12 col-lg-12\"><\/div>\n<\/div>\n<div class=\"row\">\n<div class=\"col-lg-12 col-md-12 col-xs-12 col-sm-12\"><\/div>\n<\/div>\n<\/div>\n<\/div>\n<div class=\"boldgrid-section\">\n<div class=\"container\">\n<div class=\"row\" style=\"border-width: 0px; margin-left: auto; margin-right: auto;\">\n<div class=\"col-md-3 col-sm-6 text-center col-xs-12 col-lg-4\">\n<div>\n<p class=\"mod-img\"><img loading=\"lazy\" decoding=\"async\" class=\"alignnone wp-image-121 size-full\" src=\"https:\/\/www.quemquerviverdearte.com\/site\/wp-content\/uploads\/2022\/09\/BILLETES-360X200.png\" alt=\"\" width=\"360\" height=\"200\" data-imhwpb-asset-id=\"780822\" srcset=\"https:\/\/www.quemquerviverdearte.com\/site\/wp-content\/uploads\/2022\/09\/BILLETES-360X200.png 360w, https:\/\/www.quemquerviverdearte.com\/site\/wp-content\/uploads\/2022\/09\/BILLETES-360X200-300x167.png 300w, https:\/\/www.quemquerviverdearte.com\/site\/wp-content\/uploads\/2022\/09\/BILLETES-360X200-250x139.png 250w, https:\/\/www.quemquerviverdearte.com\/site\/wp-content\/uploads\/2022\/09\/BILLETES-360X200-324x180.png 324w\" sizes=\"auto, (max-width: 360px) 100vw, 360px\" \/><\/p>\n<h3 style=\"text-align: left;\">O Dinheiro.<\/h3>\n<p class=\"\" style=\"text-align: left;\">Com o dinheiro que voc\u00ea recebe como remunera\u00e7\u00e3o por seu trabalho em organiza\u00e7\u00f5es ou participa\u00e7\u00e3o em eventos, voc\u00ea formar\u00e1 um or\u00e7amento para financiar a contrata\u00e7\u00e3o de outros jogadores, o pagamento de servi\u00e7os ou impostos, entre outros.<\/p>\n<\/div>\n<\/div>\n<div class=\"col-md-3 col-sm-6 text-center col-xs-12 col-lg-4\">\n<div>\n<p class=\"mod-img\"><img loading=\"lazy\" decoding=\"async\" class=\"alignnone wp-image-122 size-full\" src=\"https:\/\/www.quemquerviverdearte.com\/site\/wp-content\/uploads\/2022\/09\/TARJETAS-SUERTE-DERECHOS-360X200.png\" alt=\"\" width=\"360\" height=\"200\" data-imhwpb-asset-id=\"780823\" srcset=\"https:\/\/www.quemquerviverdearte.com\/site\/wp-content\/uploads\/2022\/09\/TARJETAS-SUERTE-DERECHOS-360X200.png 360w, https:\/\/www.quemquerviverdearte.com\/site\/wp-content\/uploads\/2022\/09\/TARJETAS-SUERTE-DERECHOS-360X200-300x167.png 300w, https:\/\/www.quemquerviverdearte.com\/site\/wp-content\/uploads\/2022\/09\/TARJETAS-SUERTE-DERECHOS-360X200-250x139.png 250w, https:\/\/www.quemquerviverdearte.com\/site\/wp-content\/uploads\/2022\/09\/TARJETAS-SUERTE-DERECHOS-360X200-324x180.png 324w\" sizes=\"auto, (max-width: 360px) 100vw, 360px\" \/><\/p>\n<h3 style=\"text-align: left;\">Cartas de Sorte e Direitos.<\/h3>\n<p class=\"\" style=\"text-align: left;\">Essas cartas podem acelerar ou complicar sua estrat\u00e9gia de jogo. Alguns adicionam anos de experi\u00eancia, outros permitem que voc\u00ea forme uma Associa\u00e7\u00e3o de Arte e at\u00e9 obtenha uma renda extra pela experi\u00eancia acumulada.<\/p>\n<\/div>\n<\/div>\n<div class=\"col-md-3 col-sm-6 text-center col-xs-12 col-lg-4\">\n<div>\n<p class=\"mod-img\"><img loading=\"lazy\" decoding=\"async\" class=\"alignnone wp-image-123 size-full\" src=\"https:\/\/www.quemquerviverdearte.com\/site\/wp-content\/uploads\/2022\/09\/MANUAL-360X200.png\" alt=\"\" width=\"360\" height=\"200\" data-imhwpb-asset-id=\"780824\" srcset=\"https:\/\/www.quemquerviverdearte.com\/site\/wp-content\/uploads\/2022\/09\/MANUAL-360X200.png 360w, https:\/\/www.quemquerviverdearte.com\/site\/wp-content\/uploads\/2022\/09\/MANUAL-360X200-300x167.png 300w, https:\/\/www.quemquerviverdearte.com\/site\/wp-content\/uploads\/2022\/09\/MANUAL-360X200-250x139.png 250w, https:\/\/www.quemquerviverdearte.com\/site\/wp-content\/uploads\/2022\/09\/MANUAL-360X200-324x180.png 324w\" sizes=\"auto, (max-width: 360px) 100vw, 360px\" \/><\/p>\n<h3 style=\"text-align: left;\">O Manual do Jogo.<\/h3>\n<p class=\"\" style=\"text-align: left;\">Aqui temos um resumo e descri\u00e7\u00e3o dos elementos do jogo, as jogadas que voc\u00ea pode fazer ao participar de uma organiza\u00e7\u00e3o ou evento e como saber quem ou como ganhar o jogo.<\/p>\n<\/div>\n<\/div>\n<\/div>\n<div class=\"row\">\n<div class=\"col-lg-12 col-md-12 col-xs-12 col-sm-12\"><\/div>\n<\/div>\n<\/div>\n<\/div>\n<\/div>\n<\/div>\n<\/div>\n<div class=\"row\">\n<div class=\"col-lg-12 col-md-12 col-xs-12 col-sm-12\"><\/div>\n<\/div>\n<\/div>\n<\/div>\n<\/div>\n<\/div>\n<div class=\"row\">\n<div class=\"col-lg-12 col-md-12 col-xs-12 col-sm-12\" style=\"text-align: right;\">\n<p class=\"\"><a class=\"button-primary btn btn-color-1 btn-border-color-1 btn btn-color-1 btn-border-color-1\" href=\"https:\/\/www.quemquerviverdearte.com\/site\/onde-conseguir\/\">Onde compro o Jogo?<\/a><\/p>\n<\/div>\n<\/div>\n<\/div>\n<\/div>\n","protected":false},"excerpt":{"rendered":"<p>Do que se trata? Quem quer viver de Arte?&nbsp;\u00e9 um jogo de tabuleiro que permite que voc\u00ea conhe\u00e7a e use o sistema da arte, seus pap\u00e9is e organiza\u00e7\u00f5es a seu<\/p>\n<div class=\"read-more\"><a class=\"btn button-secondary\" href=\"https:\/\/www.quemquerviverdearte.com\/site\/como-jogar\/\">Read More<\/a><\/div>\n","protected":false},"author":1,"featured_media":0,"parent":0,"menu_order":0,"comment_status":"closed","ping_status":"closed","template":"","meta":{"bgseo_title":"","bgseo_description":"","bgseo_robots_index":"index","bgseo_robots_follow":"follow","crio-premium-page-header-override":null,"crio-premium-page-header-select":"none","crio-premium-page-header-featured-image-background":"","crio-premium-page-header-background":"","footnotes":""},"class_list":["post-11","page","type-page","status-publish"],"aioseo_notices":[],"_links":{"self":[{"href":"https:\/\/www.quemquerviverdearte.com\/site\/wp-json\/wp\/v2\/pages\/11","targetHints":{"allow":["GET"]}}],"collection":[{"href":"https:\/\/www.quemquerviverdearte.com\/site\/wp-json\/wp\/v2\/pages"}],"about":[{"href":"https:\/\/www.quemquerviverdearte.com\/site\/wp-json\/wp\/v2\/types\/page"}],"author":[{"embeddable":true,"href":"https:\/\/www.quemquerviverdearte.com\/site\/wp-json\/wp\/v2\/users\/1"}],"replies":[{"embeddable":true,"href":"https:\/\/www.quemquerviverdearte.com\/site\/wp-json\/wp\/v2\/comments?post=11"}],"version-history":[{"count":10,"href":"https:\/\/www.quemquerviverdearte.com\/site\/wp-json\/wp\/v2\/pages\/11\/revisions"}],"predecessor-version":[{"id":143,"href":"https:\/\/www.quemquerviverdearte.com\/site\/wp-json\/wp\/v2\/pages\/11\/revisions\/143"}],"wp:attachment":[{"href":"https:\/\/www.quemquerviverdearte.com\/site\/wp-json\/wp\/v2\/media?parent=11"}],"curies":[{"name":"wp","href":"https:\/\/api.w.org\/{rel}","templated":true}]}}